{"id":4158,"date":"2026-02-25T08:25:49","date_gmt":"2026-02-25T07:25:49","guid":{"rendered":"https:\/\/iph-multisite.berta-bewegt.ch\/?page_id=4158"},"modified":"2026-02-25T13:14:13","modified_gmt":"2026-02-25T12:14:13","slug":"des-donnees-medicales-de-qualite-pour-garantir-le-progres-medical","status":"publish","type":"page","link":"https:\/\/iph-multisite.berta-bewegt.ch\/fr\/themen\/a-la-pointe-de-la-recherche-et-developpement\/des-donnees-medicales-de-qualite-pour-garantir-le-progres-medical\/","title":{"rendered":"Des donn\u00e9es m\u00e9dicales de qualit\u00e9 pour garantir le progr\u00e8s m\u00e9dical"},"content":{"rendered":"\n<p>Les membres d\u2019Interpharma investissent aujourd\u2019hui en Suisse pr\u00e8s de 9 milliards de francs par an dans la recherche et le d\u00e9veloppement (source : Panorama de la Sant\u00e9 2024). Toutefois, la Suisse perd beaucoup de son attractivit\u00e9 dans la concurrence entre les sites lorsqu\u2019il s\u2019agit d\u2019innovation avec des \u00e9l\u00e9ments num\u00e9riques (source : BAK Economics).&nbsp;Cela a des cons\u00e9quences sur les soins, la recherche et l&rsquo;attractivit\u00e9 du site. En effet, les donn\u00e9es sont une condition essentielle au d\u00e9veloppement et \u00e0 la disponibilit\u00e9 d&rsquo;une m\u00e9decine moderne et pr\u00e9cise. Pourtant, la Suisse manque d&rsquo;infrastructures, de gouvernance et, dans certains cas, de bases juridiques pour la collecte structur\u00e9e et l&rsquo;utilisation secondaire des donn\u00e9es de sant\u00e9. Il faut un \u00e9cosyst\u00e8me de donn\u00e9es de sant\u00e9 qui inspire confiance, apporte des avantages et permette un acc\u00e8s \u00e9quitable.<\/p>\n\n\n\n<p>Pour que la Suisse puisse rattraper son retard en mati\u00e8re de transformation num\u00e9rique du syst\u00e8me de sant\u00e9, les fonds d\u00e9j\u00e0 allou\u00e9s \u00e0 DigiSant\u00e9 doivent \u00eatre utilis\u00e9s de mani\u00e8re efficace et cibl\u00e9e. Les travaux suppl\u00e9mentaires li\u00e9s \u00e0 la num\u00e9risation du syst\u00e8me de sant\u00e9 doivent \u00eatre men\u00e9s en coordination avec le programme. En outre, un cadre juridique clair doit \u00eatre mis en place, notamment gr\u00e2ce aux travaux sur la loi-cadre relative \u00e0 l&rsquo;utilisation secondaire des donn\u00e9es, \u00e0 la r\u00e9vision de la loi relative \u00e0 la recherche sur l&rsquo;\u00eatre humain, \u00e0 la nouvelle l\u00e9gislation \u00e0 \u00e9laborer sur le Swiss Health Data Space et \u00e0 toute l\u00e9gislation sp\u00e9ciale relative \u00e0 un espace de donn\u00e9es pour la recherche dans le domaine de la sant\u00e9.<\/p>\n","protected":false},"excerpt":{"rendered":"<p>Les membres d\u2019Interpharma investissent aujourd\u2019hui en Suisse pr\u00e8s de 9 milliards de francs par an dans la recherche et le d\u00e9veloppement (source : Panorama de la Sant\u00e9 2024). Toutefois, la Suisse perd beaucoup de son attractivit\u00e9 dans la concurrence entre les sites lorsqu\u2019il s\u2019agit d\u2019innovation avec des \u00e9l\u00e9ments num\u00e9riques (source : BAK Economics).&nbsp;Cela a des [&hellip;]<\/p>\n","protected":false},"author":1,"featured_media":14784,"parent":4300,"menu_order":6,"comment_status":"closed","ping_status":"closed","template":"page-templates\/unterthema.php","meta":{"_acf_changed":false,"inline_featured_image":false,"footnotes":""},"class_list":["post-4158","page","type-page","status-publish","has-post-thumbnail","hentry"],"acf":[],"yoast_head":"<!-- This site is optimized with the Yoast SEO plugin v27.2 - https:\/\/yoast.com\/product\/yoast-seo-wordpress\/ -->\n<title>Des donn\u00e9es m\u00e9dicales de qualit\u00e9 pour garantir le progr\u00e8s m\u00e9dical - Interpharma<\/title>\n<meta name=\"robots\" content=\"noindex, follow, max-snippet:-1, max-image-preview:large, max-video-preview:-1\" \/>\n<meta property=\"og:locale\" content=\"fr_FR\" \/>\n<meta property=\"og:type\" content=\"article\" \/>\n<meta property=\"og:title\" content=\"Des donn\u00e9es m\u00e9dicales de qualit\u00e9 pour garantir le progr\u00e8s m\u00e9dical - Interpharma\" \/>\n<meta property=\"og:description\" content=\"Les membres d\u2019Interpharma investissent aujourd\u2019hui en Suisse pr\u00e8s de 9 milliards de francs par an dans la recherche et le d\u00e9veloppement (source : Panorama de la Sant\u00e9 2024). Toutefois, la Suisse perd beaucoup de son attractivit\u00e9 dans la concurrence entre les sites lorsqu\u2019il s\u2019agit d\u2019innovation avec des \u00e9l\u00e9ments num\u00e9riques (source : BAK Economics).&nbsp;Cela a des [&hellip;]\" \/>\n<meta property=\"og:url\" content=\"https:\/\/iph-multisite.berta-bewegt.ch\/fr\/themen\/a-la-pointe-de-la-recherche-et-developpement\/des-donnees-medicales-de-qualite-pour-garantir-le-progres-medical\/\" \/>\n<meta property=\"og:site_name\" content=\"Interpharma\" \/>\n<meta property=\"article:modified_time\" content=\"2026-02-25T12:14:13+00:00\" \/>\n<meta property=\"og:image\" content=\"https:\/\/iph-multisite.berta-bewegt.ch\/wp-content\/uploads\/2026\/02\/bild_medizinischer_fortschritt_kachel_380x150.jpg\" \/>\n\t<meta property=\"og:image:width\" content=\"380\" \/>\n\t<meta property=\"og:image:height\" content=\"150\" \/>\n\t<meta property=\"og:image:type\" content=\"image\/jpeg\" \/>\n<meta name=\"twitter:card\" content=\"summary_large_image\" \/>\n<meta name=\"twitter:label1\" content=\"Dur\u00e9e de lecture estim\u00e9e\" \/>\n\t<meta name=\"twitter:data1\" content=\"2 minutes\" \/>\n<script type=\"application\/ld+json\" class=\"yoast-schema-graph\">{\"@context\":\"https:\/\/schema.org\",\"@graph\":[{\"@type\":\"WebPage\",\"@id\":\"https:\/\/iph-multisite.berta-bewegt.ch\/fr\/themen\/a-la-pointe-de-la-recherche-et-developpement\/des-donnees-medicales-de-qualite-pour-garantir-le-progres-medical\/\",\"url\":\"https:\/\/iph-multisite.berta-bewegt.ch\/fr\/themen\/a-la-pointe-de-la-recherche-et-developpement\/des-donnees-medicales-de-qualite-pour-garantir-le-progres-medical\/\",\"name\":\"Des donn\u00e9es m\u00e9dicales de qualit\u00e9 pour garantir le progr\u00e8s m\u00e9dical - Interpharma\",\"isPartOf\":{\"@id\":\"https:\/\/iph-multisite.berta-bewegt.ch\/#website\"},\"primaryImageOfPage\":{\"@id\":\"https:\/\/iph-multisite.berta-bewegt.ch\/fr\/themen\/a-la-pointe-de-la-recherche-et-developpement\/des-donnees-medicales-de-qualite-pour-garantir-le-progres-medical\/#primaryimage\"},\"image\":{\"@id\":\"https:\/\/iph-multisite.berta-bewegt.ch\/fr\/themen\/a-la-pointe-de-la-recherche-et-developpement\/des-donnees-medicales-de-qualite-pour-garantir-le-progres-medical\/#primaryimage\"},\"thumbnailUrl\":\"https:\/\/iph-multisite.berta-bewegt.ch\/wp-content\/uploads\/2026\/03\/Interpharma_fuehrendinforschungundentwicklung_hochwertigegesundheitsdaten.jpg\",\"datePublished\":\"2026-02-25T07:25:49+00:00\",\"dateModified\":\"2026-02-25T12:14:13+00:00\",\"breadcrumb\":{\"@id\":\"https:\/\/iph-multisite.berta-bewegt.ch\/fr\/themen\/a-la-pointe-de-la-recherche-et-developpement\/des-donnees-medicales-de-qualite-pour-garantir-le-progres-medical\/#breadcrumb\"},\"inLanguage\":\"fr-FR\",\"potentialAction\":[{\"@type\":\"ReadAction\",\"target\":[\"https:\/\/iph-multisite.berta-bewegt.ch\/fr\/themen\/a-la-pointe-de-la-recherche-et-developpement\/des-donnees-medicales-de-qualite-pour-garantir-le-progres-medical\/\"]}]},{\"@type\":\"ImageObject\",\"inLanguage\":\"fr-FR\",\"@id\":\"https:\/\/iph-multisite.berta-bewegt.ch\/fr\/themen\/a-la-pointe-de-la-recherche-et-developpement\/des-donnees-medicales-de-qualite-pour-garantir-le-progres-medical\/#primaryimage\",\"url\":\"https:\/\/iph-multisite.berta-bewegt.ch\/wp-content\/uploads\/2026\/03\/Interpharma_fuehrendinforschungundentwicklung_hochwertigegesundheitsdaten.jpg\",\"contentUrl\":\"https:\/\/iph-multisite.berta-bewegt.ch\/wp-content\/uploads\/2026\/03\/Interpharma_fuehrendinforschungundentwicklung_hochwertigegesundheitsdaten.jpg\",\"width\":960,\"height\":721},{\"@type\":\"BreadcrumbList\",\"@id\":\"https:\/\/iph-multisite.berta-bewegt.ch\/fr\/themen\/a-la-pointe-de-la-recherche-et-developpement\/des-donnees-medicales-de-qualite-pour-garantir-le-progres-medical\/#breadcrumb\",\"itemListElement\":[{\"@type\":\"ListItem\",\"position\":1,\"name\":\"Startseite\",\"item\":\"https:\/\/iph-multisite.berta-bewegt.ch\/fr\/\"},{\"@type\":\"ListItem\",\"position\":2,\"name\":\"Nos th\u00e8mes\",\"item\":\"https:\/\/iph-multisite.berta-bewegt.ch\/fr\/themen\/\"},{\"@type\":\"ListItem\",\"position\":3,\"name\":\"\u00c0 la pointe de la recherche et d\u00e9veloppement\",\"item\":\"https:\/\/iph-multisite.berta-bewegt.ch\/fr\/themen\/a-la-pointe-de-la-recherche-et-developpement\/\"},{\"@type\":\"ListItem\",\"position\":4,\"name\":\"Des donn\u00e9es m\u00e9dicales de qualit\u00e9 pour garantir le progr\u00e8s m\u00e9dical\"}]},{\"@type\":\"WebSite\",\"@id\":\"https:\/\/iph-multisite.berta-bewegt.ch\/#website\",\"url\":\"https:\/\/iph-multisite.berta-bewegt.ch\/\",\"name\":\"Interpharma\",\"description\":\"Verband der forschenden Pharmazeutischen Firmen\",\"potentialAction\":[{\"@type\":\"SearchAction\",\"target\":{\"@type\":\"EntryPoint\",\"urlTemplate\":\"https:\/\/iph-multisite.berta-bewegt.ch\/?s={search_term_string}\"},\"query-input\":{\"@type\":\"PropertyValueSpecification\",\"valueRequired\":true,\"valueName\":\"search_term_string\"}}],\"inLanguage\":\"fr-FR\"}]}<\/script>\n<!-- \/ Yoast SEO plugin. -->","yoast_head_json":{"title":"Des donn\u00e9es m\u00e9dicales de qualit\u00e9 pour garantir le progr\u00e8s m\u00e9dical - Interpharma","robots":{"index":"noindex","follow":"follow","max-snippet":"max-snippet:-1","max-image-preview":"max-image-preview:large","max-video-preview":"max-video-preview:-1"},"og_locale":"fr_FR","og_type":"article","og_title":"Des donn\u00e9es m\u00e9dicales de qualit\u00e9 pour garantir le progr\u00e8s m\u00e9dical - Interpharma","og_description":"Les membres d\u2019Interpharma investissent aujourd\u2019hui en Suisse pr\u00e8s de 9 milliards de francs par an dans la recherche et le d\u00e9veloppement (source : Panorama de la Sant\u00e9 2024). Toutefois, la Suisse perd beaucoup de son attractivit\u00e9 dans la concurrence entre les sites lorsqu\u2019il s\u2019agit d\u2019innovation avec des \u00e9l\u00e9ments num\u00e9riques (source : BAK Economics).&nbsp;Cela a des [&hellip;]","og_url":"https:\/\/iph-multisite.berta-bewegt.ch\/fr\/themen\/a-la-pointe-de-la-recherche-et-developpement\/des-donnees-medicales-de-qualite-pour-garantir-le-progres-medical\/","og_site_name":"Interpharma","article_modified_time":"2026-02-25T12:14:13+00:00","og_image":[{"width":380,"height":150,"url":"https:\/\/iph-multisite.berta-bewegt.ch\/wp-content\/uploads\/2026\/02\/bild_medizinischer_fortschritt_kachel_380x150.jpg","type":"image\/jpeg"}],"twitter_card":"summary_large_image","twitter_misc":{"Dur\u00e9e de lecture estim\u00e9e":"2 minutes"},"schema":{"@context":"https:\/\/schema.org","@graph":[{"@type":"WebPage","@id":"https:\/\/iph-multisite.berta-bewegt.ch\/fr\/themen\/a-la-pointe-de-la-recherche-et-developpement\/des-donnees-medicales-de-qualite-pour-garantir-le-progres-medical\/","url":"https:\/\/iph-multisite.berta-bewegt.ch\/fr\/themen\/a-la-pointe-de-la-recherche-et-developpement\/des-donnees-medicales-de-qualite-pour-garantir-le-progres-medical\/","name":"Des donn\u00e9es m\u00e9dicales de qualit\u00e9 pour garantir le progr\u00e8s m\u00e9dical - Interpharma","isPartOf":{"@id":"https:\/\/iph-multisite.berta-bewegt.ch\/#website"},"primaryImageOfPage":{"@id":"https:\/\/iph-multisite.berta-bewegt.ch\/fr\/themen\/a-la-pointe-de-la-recherche-et-developpement\/des-donnees-medicales-de-qualite-pour-garantir-le-progres-medical\/#primaryimage"},"image":{"@id":"https:\/\/iph-multisite.berta-bewegt.ch\/fr\/themen\/a-la-pointe-de-la-recherche-et-developpement\/des-donnees-medicales-de-qualite-pour-garantir-le-progres-medical\/#primaryimage"},"thumbnailUrl":"https:\/\/iph-multisite.berta-bewegt.ch\/wp-content\/uploads\/2026\/03\/Interpharma_fuehrendinforschungundentwicklung_hochwertigegesundheitsdaten.jpg","datePublished":"2026-02-25T07:25:49+00:00","dateModified":"2026-02-25T12:14:13+00:00","breadcrumb":{"@id":"https:\/\/iph-multisite.berta-bewegt.ch\/fr\/themen\/a-la-pointe-de-la-recherche-et-developpement\/des-donnees-medicales-de-qualite-pour-garantir-le-progres-medical\/#breadcrumb"},"inLanguage":"fr-FR","potentialAction":[{"@type":"ReadAction","target":["https:\/\/iph-multisite.berta-bewegt.ch\/fr\/themen\/a-la-pointe-de-la-recherche-et-developpement\/des-donnees-medicales-de-qualite-pour-garantir-le-progres-medical\/"]}]},{"@type":"ImageObject","inLanguage":"fr-FR","@id":"https:\/\/iph-multisite.berta-bewegt.ch\/fr\/themen\/a-la-pointe-de-la-recherche-et-developpement\/des-donnees-medicales-de-qualite-pour-garantir-le-progres-medical\/#primaryimage","url":"https:\/\/iph-multisite.berta-bewegt.ch\/wp-content\/uploads\/2026\/03\/Interpharma_fuehrendinforschungundentwicklung_hochwertigegesundheitsdaten.jpg","contentUrl":"https:\/\/iph-multisite.berta-bewegt.ch\/wp-content\/uploads\/2026\/03\/Interpharma_fuehrendinforschungundentwicklung_hochwertigegesundheitsdaten.jpg","width":960,"height":721},{"@type":"BreadcrumbList","@id":"https:\/\/iph-multisite.berta-bewegt.ch\/fr\/themen\/a-la-pointe-de-la-recherche-et-developpement\/des-donnees-medicales-de-qualite-pour-garantir-le-progres-medical\/#breadcrumb","itemListElement":[{"@type":"ListItem","position":1,"name":"Startseite","item":"https:\/\/iph-multisite.berta-bewegt.ch\/fr\/"},{"@type":"ListItem","position":2,"name":"Nos th\u00e8mes","item":"https:\/\/iph-multisite.berta-bewegt.ch\/fr\/themen\/"},{"@type":"ListItem","position":3,"name":"\u00c0 la pointe de la recherche et d\u00e9veloppement","item":"https:\/\/iph-multisite.berta-bewegt.ch\/fr\/themen\/a-la-pointe-de-la-recherche-et-developpement\/"},{"@type":"ListItem","position":4,"name":"Des donn\u00e9es m\u00e9dicales de qualit\u00e9 pour garantir le progr\u00e8s m\u00e9dical"}]},{"@type":"WebSite","@id":"https:\/\/iph-multisite.berta-bewegt.ch\/#website","url":"https:\/\/iph-multisite.berta-bewegt.ch\/","name":"Interpharma","description":"Verband der forschenden Pharmazeutischen Firmen","potentialAction":[{"@type":"SearchAction","target":{"@type":"EntryPoint","urlTemplate":"https:\/\/iph-multisite.berta-bewegt.ch\/?s={search_term_string}"},"query-input":{"@type":"PropertyValueSpecification","valueRequired":true,"valueName":"search_term_string"}}],"inLanguage":"fr-FR"}]}},"_links":{"self":[{"href":"https:\/\/iph-multisite.berta-bewegt.ch\/fr\/wp-json\/wp\/v2\/pages\/4158","targetHints":{"allow":["GET"]}}],"collection":[{"href":"https:\/\/iph-multisite.berta-bewegt.ch\/fr\/wp-json\/wp\/v2\/pages"}],"about":[{"href":"https:\/\/iph-multisite.berta-bewegt.ch\/fr\/wp-json\/wp\/v2\/types\/page"}],"author":[{"embeddable":true,"href":"https:\/\/iph-multisite.berta-bewegt.ch\/fr\/wp-json\/wp\/v2\/users\/1"}],"replies":[{"embeddable":true,"href":"https:\/\/iph-multisite.berta-bewegt.ch\/fr\/wp-json\/wp\/v2\/comments?post=4158"}],"version-history":[{"count":2,"href":"https:\/\/iph-multisite.berta-bewegt.ch\/fr\/wp-json\/wp\/v2\/pages\/4158\/revisions"}],"predecessor-version":[{"id":4489,"href":"https:\/\/iph-multisite.berta-bewegt.ch\/fr\/wp-json\/wp\/v2\/pages\/4158\/revisions\/4489"}],"up":[{"embeddable":true,"href":"https:\/\/iph-multisite.berta-bewegt.ch\/fr\/wp-json\/wp\/v2\/pages\/4300"}],"wp:featuredmedia":[{"embeddable":true,"href":"https:\/\/iph-multisite.berta-bewegt.ch\/fr\/wp-json\/wp\/v2\/media\/14784"}],"wp:attachment":[{"href":"https:\/\/iph-multisite.berta-bewegt.ch\/fr\/wp-json\/wp\/v2\/media?parent=4158"}],"curies":[{"name":"wp","href":"https:\/\/api.w.org\/{rel}","templated":true}]}}